{"id":19,"date":"2018-05-22T16:29:50","date_gmt":"2018-05-22T19:29:50","guid":{"rendered":"https:\/\/www.cabling.com.br\/site\/?page_id=19"},"modified":"2019-12-16T10:30:16","modified_gmt":"2019-12-16T13:30:16","slug":"home","status":"publish","type":"page","link":"https:\/\/www.cabling.com.br\/site\/","title":{"rendered":"Home"},"content":{"rendered":"<p>[et_pb_section fb_built=&#8221;1&#8243; fullwidth=&#8221;on&#8221; _builder_version=&#8221;3.0.47&#8243;][et_pb_fullwidth_slider _builder_version=&#8221;3.3.1&#8243; custom_padding=&#8221;16%||17%|&#8221;][et_pb_slide heading=&#8221;REDES L\u00d3GICAS&#8221; use_bg_overlay=&#8221;off&#8221; use_text_overlay=&#8221;off&#8221; _builder_version=&#8221;3.3.1&#8243; header_text_align=&#8221;right&#8221; header_font_size=&#8221;55&#8243; header_font_size_tablet=&#8221;80&#8243; header_font_size_phone=&#8221;80&#8243; header_line_height_tablet=&#8221;1.1em&#8221; header_line_height_phone=&#8221;1.1em&#8221; header_text_shadow_style=&#8221;preset2&#8243; body_text_align=&#8221;right&#8221; body_font_size=&#8221;25&#8243; body_font_size_tablet=&#8221;40&#8243; body_font_size_phone=&#8221;40&#8243; body_line_height=&#8221;1.8&#8243; body_line_height_tablet=&#8221;1.9em&#8221; body_line_height_phone=&#8221;1.9em&#8221; use_background_color_gradient=&#8221;on&#8221; background_color_gradient_start=&#8221;#92b7d3&#8243; background_color_gradient_end=&#8221;#6185ad&#8221; background_image=&#8221;https:\/\/www.cabling.com.br\/site\/wp-content\/uploads\/2018\/05\/redes.jpg&#8221; background_blend=&#8221;multiply&#8221; button_on_hover=&#8221;on&#8221; text_orientation=&#8221;right&#8221;][\/et_pb_slide][et_pb_slide heading=&#8221;ADMINISTRA\u00c7\u00c3O DE OBRAS&#8221; use_bg_overlay=&#8221;off&#8221; use_text_overlay=&#8221;off&#8221; _builder_version=&#8221;3.3.1&#8243; header_text_align=&#8221;right&#8221; header_font_size=&#8221;55&#8243; header_font_size_tablet=&#8221;80&#8243; header_font_size_phone=&#8221;80&#8243; header_line_height_tablet=&#8221;1.1em&#8221; header_line_height_phone=&#8221;1.1em&#8221; header_text_shadow_style=&#8221;preset2&#8243; body_text_align=&#8221;right&#8221; body_font_size=&#8221;25&#8243; body_font_size_tablet=&#8221;40&#8243; body_font_size_phone=&#8221;40&#8243; body_line_height=&#8221;1.8&#8243; body_line_height_tablet=&#8221;1.9em&#8221; body_line_height_phone=&#8221;1.9em&#8221; body_text_shadow_style=&#8221;preset2&#8243; use_background_color_gradient=&#8221;on&#8221; background_color_gradient_start=&#8221;#92b7d3&#8243; background_color_gradient_end=&#8221;#6185ad&#8221; background_image=&#8221;https:\/\/www.cabling.com.br\/site\/wp-content\/uploads\/2018\/05\/Gerenciamento-blog.jpg&#8221; background_blend=&#8221;multiply&#8221; button_on_hover=&#8221;on&#8221; text_orientation=&#8221;right&#8221;][\/et_pb_slide][et_pb_slide heading=&#8221;MONITORAMENTO&#8221; use_bg_overlay=&#8221;off&#8221; use_text_overlay=&#8221;off&#8221; _builder_version=&#8221;3.3.1&#8243; header_font_size=&#8221;55&#8243; header_font_size_tablet=&#8221;80&#8243; header_font_size_phone=&#8221;80&#8243; header_line_height_tablet=&#8221;1.1em&#8221; header_line_height_phone=&#8221;1.1em&#8221; body_font_size=&#8221;25&#8243; body_font_size_tablet=&#8221;40&#8243; body_font_size_phone=&#8221;40&#8243; body_line_height=&#8221;1.8&#8243; body_line_height_tablet=&#8221;1.9em&#8221; body_line_height_phone=&#8221;1.9em&#8221; use_background_color_gradient=&#8221;on&#8221; background_color_gradient_start=&#8221;#92b7d3&#8243; background_color_gradient_end=&#8221;#6185ad&#8221; background_image=&#8221;https:\/\/www.cabling.com.br\/site\/wp-content\/uploads\/2018\/05\/monitoramento.jpg&#8221; background_blend=&#8221;multiply&#8221; button_on_hover=&#8221;on&#8221; text_orientation=&#8221;left&#8221;][\/et_pb_slide][et_pb_slide heading=&#8221;INSTALA\u00c7\u00d5ES EL\u00c9TRICAS&#8221; use_bg_overlay=&#8221;off&#8221; use_text_overlay=&#8221;off&#8221; _builder_version=&#8221;3.3.1&#8243; header_font_size=&#8221;55&#8243; header_font_size_tablet=&#8221;80&#8243; header_font_size_phone=&#8221;80&#8243; header_line_height_tablet=&#8221;1.1em&#8221; header_line_height_phone=&#8221;1.1em&#8221; header_text_shadow_style=&#8221;preset2&#8243; body_font_size=&#8221;25&#8243; body_font_size_tablet=&#8221;40&#8243; body_font_size_phone=&#8221;40&#8243; body_line_height=&#8221;1.8&#8243; body_line_height_tablet=&#8221;1.9em&#8221; body_line_height_phone=&#8221;1.9em&#8221; body_text_shadow_style=&#8221;preset2&#8243; use_background_color_gradient=&#8221;on&#8221; background_color_gradient_start=&#8221;#92b7d3&#8243; background_color_gradient_end=&#8221;#6185ad&#8221; background_image=&#8221;https:\/\/www.cabling.com.br\/site\/wp-content\/uploads\/2018\/05\/eletrica.jpg&#8221; background_blend=&#8221;multiply&#8221; button_on_hover=&#8221;on&#8221; text_orientation=&#8221;left&#8221;][\/et_pb_slide][et_pb_slide heading=&#8221;TELEINFORM\u00c1TICA &#8221; use_bg_overlay=&#8221;off&#8221; use_text_overlay=&#8221;off&#8221; _builder_version=&#8221;3.3.1&#8243; header_text_align=&#8221;right&#8221; header_font_size=&#8221;55&#8243; header_font_size_tablet=&#8221;80&#8243; header_font_size_phone=&#8221;80&#8243; header_line_height_tablet=&#8221;1.1em&#8221; header_line_height_phone=&#8221;1.1em&#8221; header_text_shadow_style=&#8221;preset2&#8243; body_text_align=&#8221;right&#8221; body_font_size=&#8221;25&#8243; body_font_size_tablet=&#8221;40&#8243; body_font_size_phone=&#8221;40&#8243; body_line_height=&#8221;1.8&#8243; body_line_height_tablet=&#8221;1.9em&#8221; body_line_height_phone=&#8221;1.9em&#8221; use_background_color_gradient=&#8221;on&#8221; background_color_gradient_start=&#8221;#92b7d3&#8243; background_color_gradient_end=&#8221;#6185ad&#8221; background_image=&#8221;https:\/\/www.cabling.com.br\/site\/wp-content\/uploads\/2018\/05\/entenda-o-que-e-a-engenharia-de-telecomunicacoes8872.jpg&#8221; background_blend=&#8221;multiply&#8221; button_on_hover=&#8221;on&#8221; text_orientation=&#8221;right&#8221; admin_title=&#8221;TELEINFORM\u00c1TICA &#8220;][\/et_pb_slide][\/et_pb_fullwidth_slider][\/et_pb_section]<\/p>\n","protected":false},"excerpt":{"rendered":"<p>[et_pb_section fb_built=&#8221;1&#8243; fullwidth=&#8221;on&#8221; _builder_version=&#8221;3.0.47&#8243;][et_pb_fullwidth_slider _builder_version=&#8221;3.3.1&#8243; custom_padding=&#8221;16%||17%|&#8221;][et_pb_slide heading=&#8221;REDES L\u00d3GICAS&#8221; use_bg_overlay=&#8221;off&#8221; use_text_overlay=&#8221;off&#8221; _builder_version=&#8221;3.3.1&#8243; header_text_align=&#8221;right&#8221; header_font_size=&#8221;55&#8243; header_font_size_tablet=&#8221;80&#8243; header_font_size_phone=&#8221;80&#8243; header_line_height_tablet=&#8221;1.1em&#8221; header_line_height_phone=&#8221;1.1em&#8221; header_text_shadow_style=&#8221;preset2&#8243; body_text_align=&#8221;right&#8221; body_font_size=&#8221;25&#8243; body_font_size_tablet=&#8221;40&#8243; body_font_size_phone=&#8221;40&#8243; body_line_height=&#8221;1.8&#8243; body_line_height_tablet=&#8221;1.9em&#8221; body_line_height_phone=&#8221;1.9em&#8221; use_background_color_gradient=&#8221;on&#8221; background_color_gradient_start=&#8221;#92b7d3&#8243; background_color_gradient_end=&#8221;#6185ad&#8221; background_image=&#8221;https:\/\/www.cabling.com.br\/site\/wp-content\/uploads\/2018\/05\/redes.jpg&#8221; background_blend=&#8221;multiply&#8221; button_on_hover=&#8221;on&#8221; text_orientation=&#8221;right&#8221;][\/et_pb_slide][et_pb_slide heading=&#8221;ADMINISTRA\u00c7\u00c3O DE OBRAS&#8221; use_bg_overlay=&#8221;off&#8221; use_text_overlay=&#8221;off&#8221; _builder_version=&#8221;3.3.1&#8243; header_text_align=&#8221;right&#8221; header_font_size=&#8221;55&#8243; header_font_size_tablet=&#8221;80&#8243; header_font_size_phone=&#8221;80&#8243; header_line_height_tablet=&#8221;1.1em&#8221; header_line_height_phone=&#8221;1.1em&#8221; header_text_shadow_style=&#8221;preset2&#8243; body_text_align=&#8221;right&#8221; body_font_size=&#8221;25&#8243; body_font_size_tablet=&#8221;40&#8243; body_font_size_phone=&#8221;40&#8243; body_line_height=&#8221;1.8&#8243; body_line_height_tablet=&#8221;1.9em&#8221; body_line_height_phone=&#8221;1.9em&#8221; body_text_shadow_style=&#8221;preset2&#8243; use_background_color_gradient=&#8221;on&#8221; background_color_gradient_start=&#8221;#92b7d3&#8243; [&hellip;]<\/p>\n","protected":false},"author":1,"featured_media":0,"parent":0,"menu_order":0,"comment_status":"closed","ping_status":"closed","template":"","meta":{"footnotes":""},"class_list":["post-19","page","type-page","status-publish","hentry"],"_links":{"self":[{"href":"https:\/\/www.cabling.com.br\/site\/wp-json\/wp\/v2\/pages\/19","targetHints":{"allow":["GET"]}}],"collection":[{"href":"https:\/\/www.cabling.com.br\/site\/wp-json\/wp\/v2\/pages"}],"about":[{"href":"https:\/\/www.cabling.com.br\/site\/wp-json\/wp\/v2\/types\/page"}],"author":[{"embeddable":true,"href":"https:\/\/www.cabling.com.br\/site\/wp-json\/wp\/v2\/users\/1"}],"replies":[{"embeddable":true,"href":"https:\/\/www.cabling.com.br\/site\/wp-json\/wp\/v2\/comments?post=19"}],"version-history":[{"count":33,"href":"https:\/\/www.cabling.com.br\/site\/wp-json\/wp\/v2\/pages\/19\/revisions"}],"predecessor-version":[{"id":218,"href":"https:\/\/www.cabling.com.br\/site\/wp-json\/wp\/v2\/pages\/19\/revisions\/218"}],"wp:attachment":[{"href":"https:\/\/www.cabling.com.br\/site\/wp-json\/wp\/v2\/media?parent=19"}],"curies":[{"name":"wp","href":"https:\/\/api.w.org\/{rel}","templated":true}]}}