{"id":7,"date":"2018-05-22T16:25:16","date_gmt":"2018-05-22T19:25:16","guid":{"rendered":"https:\/\/www.cabling.com.br\/site\/?page_id=7"},"modified":"2018-05-29T12:03:09","modified_gmt":"2018-05-29T15:03:09","slug":"a-cabling","status":"publish","type":"page","link":"https:\/\/www.cabling.com.br\/site\/a-cabling\/","title":{"rendered":"A Cabling"},"content":{"rendered":"<p>[et_pb_section bb_built=&#8221;1&#8243; _builder_version=&#8221;3.2.2&#8243; background_color=&#8221;#273f5b&#8221;][et_pb_row][et_pb_column type=&#8221;4_4&#8243;][et_pb_post_title admin_label=&#8221;&#8230;&#8221; _builder_version=&#8221;3.2.2&#8243; meta=&#8221;off&#8221; featured_image=&#8221;off&#8221; \/][et_pb_text admin_label=&#8221;texto antigo %91OFF%93&#8243; _builder_version=&#8221;3.3.1&#8243; disabled=&#8221;on&#8221; disabled_on=&#8221;on|on|on&#8221;]<\/p>\n<p>Com sede em Porto Alegre\/RS &#8211; A Cabling Tele Inform\u00e1tica disponibiliza aos seus clientes a mais alta tecnologia em implanta\u00e7\u00e3o e solu\u00e7\u00f5es de redes estruturadas em par tran\u00e7ado, fibra \u00f3ptica, links de r\u00e1dio e el\u00e9trica estabilizada\/comum.<\/p>\n<p class=\"p1\" align=\"justify\">Atendendo clientes de todos os portes, n\u00e3o s\u00f3 na regi\u00e3o sul, mas em todo o pa\u00eds.<\/p>\n<p class=\"p1\" align=\"justify\">Nossos clientes contam com uma estrutura completa para o desenvolvimento e solu\u00e7\u00f5es atrav\u00e9s dos departamentos de engenharia, projetos, telecomunica\u00e7\u00f5es e comercial, mantendo seu cadastro atualizado junto aos \u00f3rg\u00e3os fiscalizadores e possuindo equipamentos de \u00faltima gera\u00e7\u00e3o para a certifica\u00e7\u00e3o de UTP e fibra \u00f3ptica, mantendo um relacionamento transparente e de credibilidade em seus servi\u00e7os prestados.<\/p>\n<p>[\/et_pb_text][et_pb_text _builder_version=&#8221;3.3.1&#8243;]<\/p>\n<p>Em 1999 a Cabling inicia suas atividades no seguimento de telecomunica\u00e7\u00e3o, tendo como foco principal a presta\u00e7\u00e3o de servi\u00e7os com qualidade. Ampliamos nossos servi\u00e7os e hoje temos t\u00e9cnicos e m\u00e3o de obra especializada e comprometida com o servi\u00e7o contratado por nossos clientes. Nossa empresa est\u00e1 preparada para atender clientes de pequeno, m\u00e9dio e grande porte, oferecendo sempre uma solu\u00e7\u00e3o inteligente e econ\u00f4mica para quem precisa usufruir dos mais diversos servi\u00e7os por n\u00f3s oferecido a n\u00edvel Brasil.<\/p>\n<p>Podemos contribuir de forma positiva para sua empresa, com servi\u00e7os realizados de acordo com as normas de qualidade que prezamos dentro da nossa organiza\u00e7\u00e3o, incluindo garantia de 3 meses em todos os servi\u00e7os prestados.<\/p>\n<p>Buscamos estabelecer uma rela\u00e7\u00e3o transparente com os nosso clientes, oferecendo suporte atrav\u00e9s do atendimento diferenciado, com atendimento em hor\u00e1rio comercial de segunda a sexta nos seguintes n\u00fameros: (51) 3348-8607 \/ 98636-6381 ou 98577-4794. Estamos ao seu inteiro dispor no que se fizer necess\u00e1rio.<\/p>\n<p>[\/et_pb_text][\/et_pb_column][\/et_pb_row][et_pb_row][et_pb_column type=&#8221;2_3&#8243;][et_pb_text _builder_version=&#8221;3.2.2&#8243;]<\/p>\n<h2 class=\"p1\" align=\"justify\">Pol\u00edtica de Qualidade<\/h2>\n<p>[\/et_pb_text][et_pb_text _builder_version=&#8221;3.3.1&#8243;]<\/p>\n<p align=\"left\">Miss\u00e3o &#8211; Viabilizar solu\u00e7\u00f5es para uma comunica\u00e7\u00e3o eficaz e eficiente com qualidade e seguran\u00e7a.<\/p>\n<p align=\"left\">\u200bVis\u00e3o \u2013 Ser a melhor op\u00e7\u00e3o na solu\u00e7\u00e3o de estruturas para comunica\u00e7\u00e3o do pa\u00eds.<\/p>\n<p align=\"left\">Valores &#8211; \u00c9tica, Transpar\u00eancia, Satisfa\u00e7\u00e3o dos Clientes, Valoriza\u00e7\u00e3o das Pessoas, Inova\u00e7\u00e3o Tecnol\u00f3gica.<\/p>\n<p>[\/et_pb_text][\/et_pb_column][et_pb_column type=&#8221;1_3&#8243;][et_pb_image _builder_version=&#8221;3.2.2&#8243; src=&#8221;https:\/\/www.cabling.com.br\/site\/wp-content\/uploads\/2018\/05\/254x234aa.jpg&#8221; \/][\/et_pb_column][\/et_pb_row][\/et_pb_section]<\/p>\n","protected":false},"excerpt":{"rendered":"<p>[et_pb_section bb_built=&#8221;1&#8243; _builder_version=&#8221;3.2.2&#8243; background_color=&#8221;#273f5b&#8221;][et_pb_row][et_pb_column type=&#8221;4_4&#8243;][et_pb_post_title admin_label=&#8221;&#8230;&#8221; _builder_version=&#8221;3.2.2&#8243; meta=&#8221;off&#8221; featured_image=&#8221;off&#8221; \/][et_pb_text admin_label=&#8221;texto antigo %91OFF%93&#8243; _builder_version=&#8221;3.3.1&#8243; disabled=&#8221;on&#8221; disabled_on=&#8221;on|on|on&#8221;] Com sede em Porto Alegre\/RS &#8211; A Cabling Tele Inform\u00e1tica disponibiliza aos seus clientes a mais alta tecnologia em implanta\u00e7\u00e3o e solu\u00e7\u00f5es de redes estruturadas em par tran\u00e7ado, fibra \u00f3ptica, links de r\u00e1dio e el\u00e9trica estabilizada\/comum. Atendendo clientes de [&hellip;]<\/p>\n","protected":false},"author":1,"featured_media":0,"parent":0,"menu_order":0,"comment_status":"closed","ping_status":"closed","template":"","meta":{"footnotes":""},"class_list":["post-7","page","type-page","status-publish","hentry"],"_links":{"self":[{"href":"https:\/\/www.cabling.com.br\/site\/wp-json\/wp\/v2\/pages\/7","targetHints":{"allow":["GET"]}}],"collection":[{"href":"https:\/\/www.cabling.com.br\/site\/wp-json\/wp\/v2\/pages"}],"about":[{"href":"https:\/\/www.cabling.com.br\/site\/wp-json\/wp\/v2\/types\/page"}],"author":[{"embeddable":true,"href":"https:\/\/www.cabling.com.br\/site\/wp-json\/wp\/v2\/users\/1"}],"replies":[{"embeddable":true,"href":"https:\/\/www.cabling.com.br\/site\/wp-json\/wp\/v2\/comments?post=7"}],"version-history":[{"count":9,"href":"https:\/\/www.cabling.com.br\/site\/wp-json\/wp\/v2\/pages\/7\/revisions"}],"predecessor-version":[{"id":179,"href":"https:\/\/www.cabling.com.br\/site\/wp-json\/wp\/v2\/pages\/7\/revisions\/179"}],"wp:attachment":[{"href":"https:\/\/www.cabling.com.br\/site\/wp-json\/wp\/v2\/media?parent=7"}],"curies":[{"name":"wp","href":"https:\/\/api.w.org\/{rel}","templated":true}]}}